{"id":1831,"date":"2022-10-28T06:39:36","date_gmt":"2022-10-28T06:39:36","guid":{"rendered":"https:\/\/catnessgames.com\/?page_id=1831"},"modified":"2025-01-08T16:19:19","modified_gmt":"2025-01-08T16:19:19","slug":"finding-the-soul-orb","status":"publish","type":"page","link":"https:\/\/catnessgames.com\/es\/juegos\/finding-the-soul-orb\/","title":{"rendered":"Finding the Soul Orb"},"content":{"rendered":"","protected":false},"excerpt":{"rendered":"","protected":false},"author":1,"featured_media":1832,"parent":40,"menu_order":28,"comment_status":"closed","ping_status":"closed","template":"game2.php","meta":{"_acf_changed":false,"inline_featured_image":false,"footnotes":""},"class_list":["post-1831","page","type-page","status-publish","has-post-thumbnail","hentry"],"acf":[],"yoast_head":"<!-- This site is optimized with the Yoast SEO plugin v27.3 - https:\/\/yoast.com\/product\/yoast-seo-wordpress\/ -->\n<title>Videojuego Finding the Soul Orb - Catness Game Studios<\/title>\n<meta name=\"description\" content=\"Finding the Soul Orb es un juego de fantas\u00eda medieval. Eres Alexander, un joven al que el un orbe m\u00edstico llama en sue\u00f1os.\" \/>\n<meta name=\"robots\" content=\"index, follow, max-snippet:-1, max-image-preview:large, max-video-preview:-1\" \/>\n<link rel=\"canonical\" href=\"https:\/\/catnessgames.com\/es\/juegos\/finding-the-soul-orb\/\" \/>\n<meta property=\"og:locale\" content=\"es_ES\" \/>\n<meta property=\"og:type\" content=\"article\" \/>\n<meta property=\"og:title\" content=\"Videojuego Finding the Soul Orb - Catness Game Studios\" \/>\n<meta property=\"og:description\" content=\"Finding the Soul Orb es un juego de fantas\u00eda medieval. Eres Alexander, un joven al que el un orbe m\u00edstico llama en sue\u00f1os.\" \/>\n<meta property=\"og:url\" content=\"https:\/\/catnessgames.com\/es\/juegos\/finding-the-soul-orb\/\" \/>\n<meta property=\"og:site_name\" content=\"Catness Game Studios\" \/>\n<meta property=\"article:modified_time\" content=\"2025-01-08T16:19:19+00:00\" \/>\n<meta property=\"og:image\" content=\"https:\/\/catnessgames.com\/wp-content\/uploads\/2022\/10\/Finding-the-soul-orb.jpg\" \/>\n\t<meta property=\"og:image:width\" content=\"1920\" \/>\n\t<meta property=\"og:image:height\" content=\"1080\" \/>\n\t<meta property=\"og:image:type\" content=\"image\/jpeg\" \/>\n<meta name=\"twitter:card\" content=\"summary_large_image\" \/>\n<script type=\"application\/ld+json\" class=\"yoast-schema-graph\">{\"@context\":\"https:\\\/\\\/schema.org\",\"@graph\":[{\"@type\":\"WebPage\",\"@id\":\"https:\\\/\\\/catnessgames.com\\\/es\\\/juegos\\\/finding-the-soul-orb\\\/\",\"url\":\"https:\\\/\\\/catnessgames.com\\\/es\\\/juegos\\\/finding-the-soul-orb\\\/\",\"name\":\"Videojuego Finding the Soul Orb - Catness Game Studios\",\"isPartOf\":{\"@id\":\"https:\\\/\\\/catnessgames.com\\\/es\\\/#website\"},\"primaryImageOfPage\":{\"@id\":\"https:\\\/\\\/catnessgames.com\\\/es\\\/juegos\\\/finding-the-soul-orb\\\/#primaryimage\"},\"image\":{\"@id\":\"https:\\\/\\\/catnessgames.com\\\/es\\\/juegos\\\/finding-the-soul-orb\\\/#primaryimage\"},\"thumbnailUrl\":\"https:\\\/\\\/catnessgames.com\\\/wp-content\\\/uploads\\\/2022\\\/10\\\/Finding-the-soul-orb.jpg\",\"datePublished\":\"2022-10-28T06:39:36+00:00\",\"dateModified\":\"2025-01-08T16:19:19+00:00\",\"description\":\"Finding the Soul Orb es un juego de fantas\u00eda medieval. Eres Alexander, un joven al que el un orbe m\u00edstico llama en sue\u00f1os.\",\"breadcrumb\":{\"@id\":\"https:\\\/\\\/catnessgames.com\\\/es\\\/juegos\\\/finding-the-soul-orb\\\/#breadcrumb\"},\"inLanguage\":\"es\",\"potentialAction\":[{\"@type\":\"ReadAction\",\"target\":[\"https:\\\/\\\/catnessgames.com\\\/es\\\/juegos\\\/finding-the-soul-orb\\\/\"]}]},{\"@type\":\"ImageObject\",\"inLanguage\":\"es\",\"@id\":\"https:\\\/\\\/catnessgames.com\\\/es\\\/juegos\\\/finding-the-soul-orb\\\/#primaryimage\",\"url\":\"https:\\\/\\\/catnessgames.com\\\/wp-content\\\/uploads\\\/2022\\\/10\\\/Finding-the-soul-orb.jpg\",\"contentUrl\":\"https:\\\/\\\/catnessgames.com\\\/wp-content\\\/uploads\\\/2022\\\/10\\\/Finding-the-soul-orb.jpg\",\"width\":1920,\"height\":1080,\"caption\":\"Juego Finding the Soul Orb\"},{\"@type\":\"BreadcrumbList\",\"@id\":\"https:\\\/\\\/catnessgames.com\\\/es\\\/juegos\\\/finding-the-soul-orb\\\/#breadcrumb\",\"itemListElement\":[{\"@type\":\"ListItem\",\"position\":1,\"name\":\"Portada\",\"item\":\"https:\\\/\\\/catnessgames.com\\\/es\\\/\"},{\"@type\":\"ListItem\",\"position\":2,\"name\":\"Juegos\",\"item\":\"https:\\\/\\\/catnessgames.com\\\/es\\\/juegos\\\/\"},{\"@type\":\"ListItem\",\"position\":3,\"name\":\"Finding the Soul Orb\"}]},{\"@type\":\"WebSite\",\"@id\":\"https:\\\/\\\/catnessgames.com\\\/es\\\/#website\",\"url\":\"https:\\\/\\\/catnessgames.com\\\/es\\\/\",\"name\":\"Catness Game Studios\",\"description\":\"\",\"potentialAction\":[{\"@type\":\"SearchAction\",\"target\":{\"@type\":\"EntryPoint\",\"urlTemplate\":\"https:\\\/\\\/catnessgames.com\\\/es\\\/?s={search_term_string}\"},\"query-input\":{\"@type\":\"PropertyValueSpecification\",\"valueRequired\":true,\"valueName\":\"search_term_string\"}}],\"inLanguage\":\"es\"}]}<\/script>\n<!-- \/ Yoast SEO plugin. -->","yoast_head_json":{"title":"Videojuego Finding the Soul Orb - Catness Game Studios","description":"Finding the Soul Orb es un juego de fantas\u00eda medieval. Eres Alexander, un joven al que el un orbe m\u00edstico llama en sue\u00f1os.","robots":{"index":"index","follow":"follow","max-snippet":"max-snippet:-1","max-image-preview":"max-image-preview:large","max-video-preview":"max-video-preview:-1"},"canonical":"https:\/\/catnessgames.com\/es\/juegos\/finding-the-soul-orb\/","og_locale":"es_ES","og_type":"article","og_title":"Videojuego Finding the Soul Orb - Catness Game Studios","og_description":"Finding the Soul Orb es un juego de fantas\u00eda medieval. Eres Alexander, un joven al que el un orbe m\u00edstico llama en sue\u00f1os.","og_url":"https:\/\/catnessgames.com\/es\/juegos\/finding-the-soul-orb\/","og_site_name":"Catness Game Studios","article_modified_time":"2025-01-08T16:19:19+00:00","og_image":[{"width":1920,"height":1080,"url":"https:\/\/catnessgames.com\/wp-content\/uploads\/2022\/10\/Finding-the-soul-orb.jpg","type":"image\/jpeg"}],"twitter_card":"summary_large_image","schema":{"@context":"https:\/\/schema.org","@graph":[{"@type":"WebPage","@id":"https:\/\/catnessgames.com\/es\/juegos\/finding-the-soul-orb\/","url":"https:\/\/catnessgames.com\/es\/juegos\/finding-the-soul-orb\/","name":"Videojuego Finding the Soul Orb - Catness Game Studios","isPartOf":{"@id":"https:\/\/catnessgames.com\/es\/#website"},"primaryImageOfPage":{"@id":"https:\/\/catnessgames.com\/es\/juegos\/finding-the-soul-orb\/#primaryimage"},"image":{"@id":"https:\/\/catnessgames.com\/es\/juegos\/finding-the-soul-orb\/#primaryimage"},"thumbnailUrl":"https:\/\/catnessgames.com\/wp-content\/uploads\/2022\/10\/Finding-the-soul-orb.jpg","datePublished":"2022-10-28T06:39:36+00:00","dateModified":"2025-01-08T16:19:19+00:00","description":"Finding the Soul Orb es un juego de fantas\u00eda medieval. Eres Alexander, un joven al que el un orbe m\u00edstico llama en sue\u00f1os.","breadcrumb":{"@id":"https:\/\/catnessgames.com\/es\/juegos\/finding-the-soul-orb\/#breadcrumb"},"inLanguage":"es","potentialAction":[{"@type":"ReadAction","target":["https:\/\/catnessgames.com\/es\/juegos\/finding-the-soul-orb\/"]}]},{"@type":"ImageObject","inLanguage":"es","@id":"https:\/\/catnessgames.com\/es\/juegos\/finding-the-soul-orb\/#primaryimage","url":"https:\/\/catnessgames.com\/wp-content\/uploads\/2022\/10\/Finding-the-soul-orb.jpg","contentUrl":"https:\/\/catnessgames.com\/wp-content\/uploads\/2022\/10\/Finding-the-soul-orb.jpg","width":1920,"height":1080,"caption":"Juego Finding the Soul Orb"},{"@type":"BreadcrumbList","@id":"https:\/\/catnessgames.com\/es\/juegos\/finding-the-soul-orb\/#breadcrumb","itemListElement":[{"@type":"ListItem","position":1,"name":"Portada","item":"https:\/\/catnessgames.com\/es\/"},{"@type":"ListItem","position":2,"name":"Juegos","item":"https:\/\/catnessgames.com\/es\/juegos\/"},{"@type":"ListItem","position":3,"name":"Finding the Soul Orb"}]},{"@type":"WebSite","@id":"https:\/\/catnessgames.com\/es\/#website","url":"https:\/\/catnessgames.com\/es\/","name":"Catness Game Studios","description":"","potentialAction":[{"@type":"SearchAction","target":{"@type":"EntryPoint","urlTemplate":"https:\/\/catnessgames.com\/es\/?s={search_term_string}"},"query-input":{"@type":"PropertyValueSpecification","valueRequired":true,"valueName":"search_term_string"}}],"inLanguage":"es"}]}},"_links":{"self":[{"href":"https:\/\/catnessgames.com\/es\/wp-json\/wp\/v2\/pages\/1831","targetHints":{"allow":["GET"]}}],"collection":[{"href":"https:\/\/catnessgames.com\/es\/wp-json\/wp\/v2\/pages"}],"about":[{"href":"https:\/\/catnessgames.com\/es\/wp-json\/wp\/v2\/types\/page"}],"author":[{"embeddable":true,"href":"https:\/\/catnessgames.com\/es\/wp-json\/wp\/v2\/users\/1"}],"replies":[{"embeddable":true,"href":"https:\/\/catnessgames.com\/es\/wp-json\/wp\/v2\/comments?post=1831"}],"version-history":[{"count":4,"href":"https:\/\/catnessgames.com\/es\/wp-json\/wp\/v2\/pages\/1831\/revisions"}],"predecessor-version":[{"id":2497,"href":"https:\/\/catnessgames.com\/es\/wp-json\/wp\/v2\/pages\/1831\/revisions\/2497"}],"up":[{"embeddable":true,"href":"https:\/\/catnessgames.com\/es\/wp-json\/wp\/v2\/pages\/40"}],"wp:featuredmedia":[{"embeddable":true,"href":"https:\/\/catnessgames.com\/es\/wp-json\/wp\/v2\/media\/1832"}],"wp:attachment":[{"href":"https:\/\/catnessgames.com\/es\/wp-json\/wp\/v2\/media?parent=1831"}],"curies":[{"name":"wp","href":"https:\/\/api.w.org\/{rel}","templated":true}]}}