{"id":6252,"date":"2024-04-17T11:13:25","date_gmt":"2024-04-17T11:13:25","guid":{"rendered":"https:\/\/catnessgames.com\/?page_id=6252"},"modified":"2024-04-19T11:02:01","modified_gmt":"2024-04-19T11:02:01","slug":"xuan-yuan-sword-7","status":"publish","type":"page","link":"https:\/\/catnessgames.com\/es\/juegos\/xuan-yuan-sword-7\/","title":{"rendered":"Xuan Yuan Sword 7"},"content":{"rendered":"","protected":false},"excerpt":{"rendered":"","protected":false},"author":5,"featured_media":6282,"parent":40,"menu_order":1,"comment_status":"closed","ping_status":"closed","template":"game2.php","meta":{"_acf_changed":false,"inline_featured_image":false,"footnotes":""},"class_list":["post-6252","page","type-page","status-publish","has-post-thumbnail","hentry"],"acf":[],"yoast_head":"<!-- This site is optimized with the Yoast SEO plugin v27.3 - https:\/\/yoast.com\/product\/yoast-seo-wordpress\/ -->\n<title>Videojuego Xuan Yuan Sword 7 - Catness Game Studios<\/title>\n<meta name=\"description\" content=\"Xuan Yuan Sword 7 es un fren\u00e9tico RPG de acci\u00f3n 3D, que cuenta con numerosos combates y una excepcional narrativa cinem\u00e1tica. \u00a1Lee m\u00e1s aqu\u00ed!\" \/>\n<meta name=\"robots\" content=\"index, follow, max-snippet:-1, max-image-preview:large, max-video-preview:-1\" \/>\n<link rel=\"canonical\" href=\"https:\/\/catnessgames.com\/es\/juegos\/xuan-yuan-sword-7\/\" \/>\n<meta property=\"og:locale\" content=\"es_ES\" \/>\n<meta property=\"og:type\" content=\"article\" \/>\n<meta property=\"og:title\" content=\"Videojuego Xuan Yuan Sword 7 - Catness Game Studios\" \/>\n<meta property=\"og:description\" content=\"Xuan Yuan Sword 7 es un fren\u00e9tico RPG de acci\u00f3n 3D, que cuenta con numerosos combates y una excepcional narrativa cinem\u00e1tica. \u00a1Lee m\u00e1s aqu\u00ed!\" \/>\n<meta property=\"og:url\" content=\"https:\/\/catnessgames.com\/es\/juegos\/xuan-yuan-sword-7\/\" \/>\n<meta property=\"og:site_name\" content=\"Catness Game Studios\" \/>\n<meta property=\"article:modified_time\" content=\"2024-04-19T11:02:01+00:00\" \/>\n<meta property=\"og:image\" content=\"https:\/\/catnessgames.com\/wp-content\/uploads\/2024\/04\/XuanYuan7_header-3.webp\" \/>\n\t<meta property=\"og:image:width\" content=\"1920\" \/>\n\t<meta property=\"og:image:height\" content=\"1080\" \/>\n\t<meta property=\"og:image:type\" content=\"image\/webp\" \/>\n<meta name=\"twitter:card\" content=\"summary_large_image\" \/>\n<meta name=\"twitter:label1\" content=\"Tiempo de lectura\" \/>\n\t<meta name=\"twitter:data1\" content=\"1 minuto\" \/>\n<script type=\"application\/ld+json\" class=\"yoast-schema-graph\">{\"@context\":\"https:\\\/\\\/schema.org\",\"@graph\":[{\"@type\":\"WebPage\",\"@id\":\"https:\\\/\\\/catnessgames.com\\\/es\\\/juegos\\\/xuan-yuan-sword-7\\\/\",\"url\":\"https:\\\/\\\/catnessgames.com\\\/es\\\/juegos\\\/xuan-yuan-sword-7\\\/\",\"name\":\"Videojuego Xuan Yuan Sword 7 - Catness Game Studios\",\"isPartOf\":{\"@id\":\"https:\\\/\\\/catnessgames.com\\\/es\\\/#website\"},\"primaryImageOfPage\":{\"@id\":\"https:\\\/\\\/catnessgames.com\\\/es\\\/juegos\\\/xuan-yuan-sword-7\\\/#primaryimage\"},\"image\":{\"@id\":\"https:\\\/\\\/catnessgames.com\\\/es\\\/juegos\\\/xuan-yuan-sword-7\\\/#primaryimage\"},\"thumbnailUrl\":\"https:\\\/\\\/catnessgames.com\\\/wp-content\\\/uploads\\\/2024\\\/04\\\/XuanYuan7_header-3.webp\",\"datePublished\":\"2024-04-17T11:13:25+00:00\",\"dateModified\":\"2024-04-19T11:02:01+00:00\",\"description\":\"Xuan Yuan Sword 7 es un fren\u00e9tico RPG de acci\u00f3n 3D, que cuenta con numerosos combates y una excepcional narrativa cinem\u00e1tica. \u00a1Lee m\u00e1s aqu\u00ed!\",\"breadcrumb\":{\"@id\":\"https:\\\/\\\/catnessgames.com\\\/es\\\/juegos\\\/xuan-yuan-sword-7\\\/#breadcrumb\"},\"inLanguage\":\"es\",\"potentialAction\":[{\"@type\":\"ReadAction\",\"target\":[\"https:\\\/\\\/catnessgames.com\\\/es\\\/juegos\\\/xuan-yuan-sword-7\\\/\"]}]},{\"@type\":\"ImageObject\",\"inLanguage\":\"es\",\"@id\":\"https:\\\/\\\/catnessgames.com\\\/es\\\/juegos\\\/xuan-yuan-sword-7\\\/#primaryimage\",\"url\":\"https:\\\/\\\/catnessgames.com\\\/wp-content\\\/uploads\\\/2024\\\/04\\\/XuanYuan7_header-3.webp\",\"contentUrl\":\"https:\\\/\\\/catnessgames.com\\\/wp-content\\\/uploads\\\/2024\\\/04\\\/XuanYuan7_header-3.webp\",\"width\":1920,\"height\":1080,\"caption\":\"Videogame Xuan Yuan 7\"},{\"@type\":\"BreadcrumbList\",\"@id\":\"https:\\\/\\\/catnessgames.com\\\/es\\\/juegos\\\/xuan-yuan-sword-7\\\/#breadcrumb\",\"itemListElement\":[{\"@type\":\"ListItem\",\"position\":1,\"name\":\"Portada\",\"item\":\"https:\\\/\\\/catnessgames.com\\\/es\\\/\"},{\"@type\":\"ListItem\",\"position\":2,\"name\":\"Juegos\",\"item\":\"https:\\\/\\\/catnessgames.com\\\/es\\\/juegos\\\/\"},{\"@type\":\"ListItem\",\"position\":3,\"name\":\"Xuan Yuan Sword 7\"}]},{\"@type\":\"WebSite\",\"@id\":\"https:\\\/\\\/catnessgames.com\\\/es\\\/#website\",\"url\":\"https:\\\/\\\/catnessgames.com\\\/es\\\/\",\"name\":\"Catness Game Studios\",\"description\":\"\",\"potentialAction\":[{\"@type\":\"SearchAction\",\"target\":{\"@type\":\"EntryPoint\",\"urlTemplate\":\"https:\\\/\\\/catnessgames.com\\\/es\\\/?s={search_term_string}\"},\"query-input\":{\"@type\":\"PropertyValueSpecification\",\"valueRequired\":true,\"valueName\":\"search_term_string\"}}],\"inLanguage\":\"es\"}]}<\/script>\n<!-- \/ Yoast SEO plugin. -->","yoast_head_json":{"title":"Videojuego Xuan Yuan Sword 7 - Catness Game Studios","description":"Xuan Yuan Sword 7 es un fren\u00e9tico RPG de acci\u00f3n 3D, que cuenta con numerosos combates y una excepcional narrativa cinem\u00e1tica. \u00a1Lee m\u00e1s aqu\u00ed!","robots":{"index":"index","follow":"follow","max-snippet":"max-snippet:-1","max-image-preview":"max-image-preview:large","max-video-preview":"max-video-preview:-1"},"canonical":"https:\/\/catnessgames.com\/es\/juegos\/xuan-yuan-sword-7\/","og_locale":"es_ES","og_type":"article","og_title":"Videojuego Xuan Yuan Sword 7 - Catness Game Studios","og_description":"Xuan Yuan Sword 7 es un fren\u00e9tico RPG de acci\u00f3n 3D, que cuenta con numerosos combates y una excepcional narrativa cinem\u00e1tica. \u00a1Lee m\u00e1s aqu\u00ed!","og_url":"https:\/\/catnessgames.com\/es\/juegos\/xuan-yuan-sword-7\/","og_site_name":"Catness Game Studios","article_modified_time":"2024-04-19T11:02:01+00:00","og_image":[{"width":1920,"height":1080,"url":"https:\/\/catnessgames.com\/wp-content\/uploads\/2024\/04\/XuanYuan7_header-3.webp","type":"image\/webp"}],"twitter_card":"summary_large_image","twitter_misc":{"Tiempo de lectura":"1 minuto"},"schema":{"@context":"https:\/\/schema.org","@graph":[{"@type":"WebPage","@id":"https:\/\/catnessgames.com\/es\/juegos\/xuan-yuan-sword-7\/","url":"https:\/\/catnessgames.com\/es\/juegos\/xuan-yuan-sword-7\/","name":"Videojuego Xuan Yuan Sword 7 - Catness Game Studios","isPartOf":{"@id":"https:\/\/catnessgames.com\/es\/#website"},"primaryImageOfPage":{"@id":"https:\/\/catnessgames.com\/es\/juegos\/xuan-yuan-sword-7\/#primaryimage"},"image":{"@id":"https:\/\/catnessgames.com\/es\/juegos\/xuan-yuan-sword-7\/#primaryimage"},"thumbnailUrl":"https:\/\/catnessgames.com\/wp-content\/uploads\/2024\/04\/XuanYuan7_header-3.webp","datePublished":"2024-04-17T11:13:25+00:00","dateModified":"2024-04-19T11:02:01+00:00","description":"Xuan Yuan Sword 7 es un fren\u00e9tico RPG de acci\u00f3n 3D, que cuenta con numerosos combates y una excepcional narrativa cinem\u00e1tica. \u00a1Lee m\u00e1s aqu\u00ed!","breadcrumb":{"@id":"https:\/\/catnessgames.com\/es\/juegos\/xuan-yuan-sword-7\/#breadcrumb"},"inLanguage":"es","potentialAction":[{"@type":"ReadAction","target":["https:\/\/catnessgames.com\/es\/juegos\/xuan-yuan-sword-7\/"]}]},{"@type":"ImageObject","inLanguage":"es","@id":"https:\/\/catnessgames.com\/es\/juegos\/xuan-yuan-sword-7\/#primaryimage","url":"https:\/\/catnessgames.com\/wp-content\/uploads\/2024\/04\/XuanYuan7_header-3.webp","contentUrl":"https:\/\/catnessgames.com\/wp-content\/uploads\/2024\/04\/XuanYuan7_header-3.webp","width":1920,"height":1080,"caption":"Videogame Xuan Yuan 7"},{"@type":"BreadcrumbList","@id":"https:\/\/catnessgames.com\/es\/juegos\/xuan-yuan-sword-7\/#breadcrumb","itemListElement":[{"@type":"ListItem","position":1,"name":"Portada","item":"https:\/\/catnessgames.com\/es\/"},{"@type":"ListItem","position":2,"name":"Juegos","item":"https:\/\/catnessgames.com\/es\/juegos\/"},{"@type":"ListItem","position":3,"name":"Xuan Yuan Sword 7"}]},{"@type":"WebSite","@id":"https:\/\/catnessgames.com\/es\/#website","url":"https:\/\/catnessgames.com\/es\/","name":"Catness Game Studios","description":"","potentialAction":[{"@type":"SearchAction","target":{"@type":"EntryPoint","urlTemplate":"https:\/\/catnessgames.com\/es\/?s={search_term_string}"},"query-input":{"@type":"PropertyValueSpecification","valueRequired":true,"valueName":"search_term_string"}}],"inLanguage":"es"}]}},"_links":{"self":[{"href":"https:\/\/catnessgames.com\/es\/wp-json\/wp\/v2\/pages\/6252","targetHints":{"allow":["GET"]}}],"collection":[{"href":"https:\/\/catnessgames.com\/es\/wp-json\/wp\/v2\/pages"}],"about":[{"href":"https:\/\/catnessgames.com\/es\/wp-json\/wp\/v2\/types\/page"}],"author":[{"embeddable":true,"href":"https:\/\/catnessgames.com\/es\/wp-json\/wp\/v2\/users\/5"}],"replies":[{"embeddable":true,"href":"https:\/\/catnessgames.com\/es\/wp-json\/wp\/v2\/comments?post=6252"}],"version-history":[{"count":7,"href":"https:\/\/catnessgames.com\/es\/wp-json\/wp\/v2\/pages\/6252\/revisions"}],"predecessor-version":[{"id":6297,"href":"https:\/\/catnessgames.com\/es\/wp-json\/wp\/v2\/pages\/6252\/revisions\/6297"}],"up":[{"embeddable":true,"href":"https:\/\/catnessgames.com\/es\/wp-json\/wp\/v2\/pages\/40"}],"wp:featuredmedia":[{"embeddable":true,"href":"https:\/\/catnessgames.com\/es\/wp-json\/wp\/v2\/media\/6282"}],"wp:attachment":[{"href":"https:\/\/catnessgames.com\/es\/wp-json\/wp\/v2\/media?parent=6252"}],"curies":[{"name":"wp","href":"https:\/\/api.w.org\/{rel}","templated":true}]}}