{"id":6730,"date":"2025-01-08T15:33:27","date_gmt":"2025-01-08T15:33:27","guid":{"rendered":"https:\/\/catnessgames.com\/?page_id=6730"},"modified":"2025-01-08T16:20:28","modified_gmt":"2025-01-08T16:20:28","slug":"metamorphosis-vr","status":"publish","type":"page","link":"https:\/\/catnessgames.com\/es\/juegos\/metamorphosis-vr\/","title":{"rendered":"Metamorphosis VR"},"content":{"rendered":"","protected":false},"excerpt":{"rendered":"","protected":false},"author":5,"featured_media":6748,"parent":40,"menu_order":2,"comment_status":"closed","ping_status":"closed","template":"game2.php","meta":{"_acf_changed":false,"inline_featured_image":false,"footnotes":""},"class_list":["post-6730","page","type-page","status-publish","has-post-thumbnail","hentry"],"acf":[],"yoast_head":"<!-- This site is optimized with the Yoast SEO plugin v27.3 - https:\/\/yoast.com\/product\/yoast-seo-wordpress\/ -->\n<title>Videojuego Metamorphosis VR - Catness Game Studios<\/title>\n<meta name=\"description\" content=\"Juega como Gregor, transformado en un peque\u00f1o insecto, y emprende un viaje extraordinario para desentra\u00f1ar el misterio de su transformaci\u00f3n.\" \/>\n<meta name=\"robots\" content=\"index, follow, max-snippet:-1, max-image-preview:large, max-video-preview:-1\" \/>\n<link rel=\"canonical\" href=\"https:\/\/catnessgames.com\/es\/juegos\/metamorphosis-vr\/\" \/>\n<meta property=\"og:locale\" content=\"es_ES\" \/>\n<meta property=\"og:type\" content=\"article\" \/>\n<meta property=\"og:title\" content=\"Videojuego Metamorphosis VR - Catness Game Studios\" \/>\n<meta property=\"og:description\" content=\"Juega como Gregor, transformado en un peque\u00f1o insecto, y emprende un viaje extraordinario para desentra\u00f1ar el misterio de su transformaci\u00f3n.\" \/>\n<meta property=\"og:url\" content=\"https:\/\/catnessgames.com\/es\/juegos\/metamorphosis-vr\/\" \/>\n<meta property=\"og:site_name\" content=\"Catness Game Studios\" \/>\n<meta property=\"article:modified_time\" content=\"2025-01-08T16:20:28+00:00\" \/>\n<meta property=\"og:image\" content=\"https:\/\/catnessgames.com\/wp-content\/uploads\/2025\/01\/Metamorphosis_header.png\" \/>\n\t<meta property=\"og:image:width\" content=\"1920\" \/>\n\t<meta property=\"og:image:height\" content=\"1080\" \/>\n\t<meta property=\"og:image:type\" content=\"image\/png\" \/>\n<meta name=\"twitter:card\" content=\"summary_large_image\" \/>\n<meta name=\"twitter:label1\" content=\"Tiempo de lectura\" \/>\n\t<meta name=\"twitter:data1\" content=\"1 minuto\" \/>\n<script type=\"application\/ld+json\" class=\"yoast-schema-graph\">{\"@context\":\"https:\\\/\\\/schema.org\",\"@graph\":[{\"@type\":\"WebPage\",\"@id\":\"https:\\\/\\\/catnessgames.com\\\/es\\\/juegos\\\/metamorphosis-vr\\\/\",\"url\":\"https:\\\/\\\/catnessgames.com\\\/es\\\/juegos\\\/metamorphosis-vr\\\/\",\"name\":\"Videojuego Metamorphosis VR - Catness Game Studios\",\"isPartOf\":{\"@id\":\"https:\\\/\\\/catnessgames.com\\\/es\\\/#website\"},\"primaryImageOfPage\":{\"@id\":\"https:\\\/\\\/catnessgames.com\\\/es\\\/juegos\\\/metamorphosis-vr\\\/#primaryimage\"},\"image\":{\"@id\":\"https:\\\/\\\/catnessgames.com\\\/es\\\/juegos\\\/metamorphosis-vr\\\/#primaryimage\"},\"thumbnailUrl\":\"https:\\\/\\\/catnessgames.com\\\/wp-content\\\/uploads\\\/2025\\\/01\\\/Metamorphosis_header.png\",\"datePublished\":\"2025-01-08T15:33:27+00:00\",\"dateModified\":\"2025-01-08T16:20:28+00:00\",\"description\":\"Juega como Gregor, transformado en un peque\u00f1o insecto, y emprende un viaje extraordinario para desentra\u00f1ar el misterio de su transformaci\u00f3n.\",\"breadcrumb\":{\"@id\":\"https:\\\/\\\/catnessgames.com\\\/es\\\/juegos\\\/metamorphosis-vr\\\/#breadcrumb\"},\"inLanguage\":\"es\",\"potentialAction\":[{\"@type\":\"ReadAction\",\"target\":[\"https:\\\/\\\/catnessgames.com\\\/es\\\/juegos\\\/metamorphosis-vr\\\/\"]}]},{\"@type\":\"ImageObject\",\"inLanguage\":\"es\",\"@id\":\"https:\\\/\\\/catnessgames.com\\\/es\\\/juegos\\\/metamorphosis-vr\\\/#primaryimage\",\"url\":\"https:\\\/\\\/catnessgames.com\\\/wp-content\\\/uploads\\\/2025\\\/01\\\/Metamorphosis_header.png\",\"contentUrl\":\"https:\\\/\\\/catnessgames.com\\\/wp-content\\\/uploads\\\/2025\\\/01\\\/Metamorphosis_header.png\",\"width\":1920,\"height\":1080},{\"@type\":\"BreadcrumbList\",\"@id\":\"https:\\\/\\\/catnessgames.com\\\/es\\\/juegos\\\/metamorphosis-vr\\\/#breadcrumb\",\"itemListElement\":[{\"@type\":\"ListItem\",\"position\":1,\"name\":\"Portada\",\"item\":\"https:\\\/\\\/catnessgames.com\\\/es\\\/\"},{\"@type\":\"ListItem\",\"position\":2,\"name\":\"Juegos\",\"item\":\"https:\\\/\\\/catnessgames.com\\\/es\\\/juegos\\\/\"},{\"@type\":\"ListItem\",\"position\":3,\"name\":\"Metamorphosis VR\"}]},{\"@type\":\"WebSite\",\"@id\":\"https:\\\/\\\/catnessgames.com\\\/es\\\/#website\",\"url\":\"https:\\\/\\\/catnessgames.com\\\/es\\\/\",\"name\":\"Catness Game Studios\",\"description\":\"\",\"potentialAction\":[{\"@type\":\"SearchAction\",\"target\":{\"@type\":\"EntryPoint\",\"urlTemplate\":\"https:\\\/\\\/catnessgames.com\\\/es\\\/?s={search_term_string}\"},\"query-input\":{\"@type\":\"PropertyValueSpecification\",\"valueRequired\":true,\"valueName\":\"search_term_string\"}}],\"inLanguage\":\"es\"}]}<\/script>\n<!-- \/ Yoast SEO plugin. -->","yoast_head_json":{"title":"Videojuego Metamorphosis VR - Catness Game Studios","description":"Juega como Gregor, transformado en un peque\u00f1o insecto, y emprende un viaje extraordinario para desentra\u00f1ar el misterio de su transformaci\u00f3n.","robots":{"index":"index","follow":"follow","max-snippet":"max-snippet:-1","max-image-preview":"max-image-preview:large","max-video-preview":"max-video-preview:-1"},"canonical":"https:\/\/catnessgames.com\/es\/juegos\/metamorphosis-vr\/","og_locale":"es_ES","og_type":"article","og_title":"Videojuego Metamorphosis VR - Catness Game Studios","og_description":"Juega como Gregor, transformado en un peque\u00f1o insecto, y emprende un viaje extraordinario para desentra\u00f1ar el misterio de su transformaci\u00f3n.","og_url":"https:\/\/catnessgames.com\/es\/juegos\/metamorphosis-vr\/","og_site_name":"Catness Game Studios","article_modified_time":"2025-01-08T16:20:28+00:00","og_image":[{"width":1920,"height":1080,"url":"https:\/\/catnessgames.com\/wp-content\/uploads\/2025\/01\/Metamorphosis_header.png","type":"image\/png"}],"twitter_card":"summary_large_image","twitter_misc":{"Tiempo de lectura":"1 minuto"},"schema":{"@context":"https:\/\/schema.org","@graph":[{"@type":"WebPage","@id":"https:\/\/catnessgames.com\/es\/juegos\/metamorphosis-vr\/","url":"https:\/\/catnessgames.com\/es\/juegos\/metamorphosis-vr\/","name":"Videojuego Metamorphosis VR - Catness Game Studios","isPartOf":{"@id":"https:\/\/catnessgames.com\/es\/#website"},"primaryImageOfPage":{"@id":"https:\/\/catnessgames.com\/es\/juegos\/metamorphosis-vr\/#primaryimage"},"image":{"@id":"https:\/\/catnessgames.com\/es\/juegos\/metamorphosis-vr\/#primaryimage"},"thumbnailUrl":"https:\/\/catnessgames.com\/wp-content\/uploads\/2025\/01\/Metamorphosis_header.png","datePublished":"2025-01-08T15:33:27+00:00","dateModified":"2025-01-08T16:20:28+00:00","description":"Juega como Gregor, transformado en un peque\u00f1o insecto, y emprende un viaje extraordinario para desentra\u00f1ar el misterio de su transformaci\u00f3n.","breadcrumb":{"@id":"https:\/\/catnessgames.com\/es\/juegos\/metamorphosis-vr\/#breadcrumb"},"inLanguage":"es","potentialAction":[{"@type":"ReadAction","target":["https:\/\/catnessgames.com\/es\/juegos\/metamorphosis-vr\/"]}]},{"@type":"ImageObject","inLanguage":"es","@id":"https:\/\/catnessgames.com\/es\/juegos\/metamorphosis-vr\/#primaryimage","url":"https:\/\/catnessgames.com\/wp-content\/uploads\/2025\/01\/Metamorphosis_header.png","contentUrl":"https:\/\/catnessgames.com\/wp-content\/uploads\/2025\/01\/Metamorphosis_header.png","width":1920,"height":1080},{"@type":"BreadcrumbList","@id":"https:\/\/catnessgames.com\/es\/juegos\/metamorphosis-vr\/#breadcrumb","itemListElement":[{"@type":"ListItem","position":1,"name":"Portada","item":"https:\/\/catnessgames.com\/es\/"},{"@type":"ListItem","position":2,"name":"Juegos","item":"https:\/\/catnessgames.com\/es\/juegos\/"},{"@type":"ListItem","position":3,"name":"Metamorphosis VR"}]},{"@type":"WebSite","@id":"https:\/\/catnessgames.com\/es\/#website","url":"https:\/\/catnessgames.com\/es\/","name":"Catness Game Studios","description":"","potentialAction":[{"@type":"SearchAction","target":{"@type":"EntryPoint","urlTemplate":"https:\/\/catnessgames.com\/es\/?s={search_term_string}"},"query-input":{"@type":"PropertyValueSpecification","valueRequired":true,"valueName":"search_term_string"}}],"inLanguage":"es"}]}},"_links":{"self":[{"href":"https:\/\/catnessgames.com\/es\/wp-json\/wp\/v2\/pages\/6730","targetHints":{"allow":["GET"]}}],"collection":[{"href":"https:\/\/catnessgames.com\/es\/wp-json\/wp\/v2\/pages"}],"about":[{"href":"https:\/\/catnessgames.com\/es\/wp-json\/wp\/v2\/types\/page"}],"author":[{"embeddable":true,"href":"https:\/\/catnessgames.com\/es\/wp-json\/wp\/v2\/users\/5"}],"replies":[{"embeddable":true,"href":"https:\/\/catnessgames.com\/es\/wp-json\/wp\/v2\/comments?post=6730"}],"version-history":[{"count":3,"href":"https:\/\/catnessgames.com\/es\/wp-json\/wp\/v2\/pages\/6730\/revisions"}],"predecessor-version":[{"id":6783,"href":"https:\/\/catnessgames.com\/es\/wp-json\/wp\/v2\/pages\/6730\/revisions\/6783"}],"up":[{"embeddable":true,"href":"https:\/\/catnessgames.com\/es\/wp-json\/wp\/v2\/pages\/40"}],"wp:featuredmedia":[{"embeddable":true,"href":"https:\/\/catnessgames.com\/es\/wp-json\/wp\/v2\/media\/6748"}],"wp:attachment":[{"href":"https:\/\/catnessgames.com\/es\/wp-json\/wp\/v2\/media?parent=6730"}],"curies":[{"name":"wp","href":"https:\/\/api.w.org\/{rel}","templated":true}]}}